{"id":1994,"date":"2025-11-27T11:31:12","date_gmt":"2025-11-27T10:31:12","guid":{"rendered":"https:\/\/dev.ski-hike.com\/about\/"},"modified":"2025-12-11T14:22:17","modified_gmt":"2025-12-11T13:22:17","slug":"about-ski-n-hike-seb-gros","status":"publish","type":"page","link":"https:\/\/www.ski-hike.com\/en\/about-ski-n-hike-seb-gros\/","title":{"rendered":"About"},"content":{"rendered":"\t\t<div data-elementor-type=\"wp-page\" data-elementor-id=\"1994\" class=\"elementor elementor-1994 elementor-1530\" data-elementor-post-type=\"page\">\n\t\t\t\t<div class=\"elementor-element elementor-element-6a0fd41 e-con-full section-menu e-flex e-con e-parent\" data-id=\"6a0fd41\" data-element_type=\"container\" data-e-type=\"container\" data-settings=\"{&quot;background_background&quot;:&quot;classic&quot;}\">\n\t\t<div class=\"elementor-element elementor-element-2fb8622 e-con-full e-flex e-con e-child\" data-id=\"2fb8622\" data-element_type=\"container\" data-e-type=\"container\" data-settings=\"{&quot;background_background&quot;:&quot;classic&quot;}\">\n\t\t\t\t<div class=\"elementor-element elementor-element-d4bd08f elementor-absolute e-transform elementor-hidden-tablet elementor-hidden-mobile elementor-widget elementor-widget-image\" data-id=\"d4bd08f\" data-element_type=\"widget\" data-e-type=\"widget\" data-settings=\"{&quot;_position&quot;:&quot;absolute&quot;,&quot;_transform_translateX_effect&quot;:{&quot;unit&quot;:&quot;%&quot;,&quot;size&quot;:&quot;&quot;,&quot;sizes&quot;:[]},&quot;_transform_translateX_effect_tablet&quot;:{&quot;unit&quot;:&quot;%&quot;,&quot;size&quot;:&quot;&quot;,&quot;sizes&quot;:[]},&quot;_transform_translateX_effect_mobile&quot;:{&quot;unit&quot;:&quot;%&quot;,&quot;size&quot;:&quot;&quot;,&quot;sizes&quot;:[]},&quot;_transform_translateY_effect&quot;:{&quot;unit&quot;:&quot;vh&quot;,&quot;size&quot;:18,&quot;sizes&quot;:[]},&quot;_transform_translateY_effect_tablet&quot;:{&quot;unit&quot;:&quot;%&quot;,&quot;size&quot;:0,&quot;sizes&quot;:[]},&quot;_transform_translateY_effect_mobile&quot;:{&quot;unit&quot;:&quot;%&quot;,&quot;size&quot;:&quot;&quot;,&quot;sizes&quot;:[]}}\" data-widget_type=\"image.default\">\n\t\t\t\t\t\t\t\t\t\t\t\t\t\t\t<img fetchpriority=\"high\" decoding=\"async\" width=\"800\" height=\"648\" src=\"https:\/\/www.ski-hike.com\/wp-content\/uploads\/2025\/10\/k-skihike-blanc-1024x829.png\" class=\"attachment-large size-large wp-image-1954\" alt=\"\" srcset=\"https:\/\/www.ski-hike.com\/wp-content\/uploads\/2025\/10\/k-skihike-blanc-1024x829.png 1024w, https:\/\/www.ski-hike.com\/wp-content\/uploads\/2025\/10\/k-skihike-blanc-300x243.png 300w, https:\/\/www.ski-hike.com\/wp-content\/uploads\/2025\/10\/k-skihike-blanc-768x622.png 768w, https:\/\/www.ski-hike.com\/wp-content\/uploads\/2025\/10\/k-skihike-blanc-1536x1243.png 1536w, https:\/\/www.ski-hike.com\/wp-content\/uploads\/2025\/10\/k-skihike-blanc-2048x1658.png 2048w\" sizes=\"(max-width: 800px) 100vw, 800px\" \/>\t\t\t\t\t\t\t\t\t\t\t\t\t\t\t<\/div>\n\t\t<div class=\"elementor-element elementor-element-9a311bf e-con-full e-flex e-con e-child\" data-id=\"9a311bf\" data-element_type=\"container\" data-e-type=\"container\">\n\t\t\t\t<div class=\"elementor-element elementor-element-46f697d elementor-widget elementor-widget-heading\" data-id=\"46f697d\" data-element_type=\"widget\" data-e-type=\"widget\" data-widget_type=\"heading.default\">\n\t\t\t\t\t<div class=\"elementor-heading-title elementor-size-default\">Sk &amp; Hike<\/div>\t\t\t\t<\/div>\n\t\t\t\t<div class=\"elementor-element elementor-element-9e2382e elementor-widget elementor-widget-heading\" data-id=\"9e2382e\" data-element_type=\"widget\" data-e-type=\"widget\" data-widget_type=\"heading.default\">\n\t\t\t\t\t<h1 class=\"elementor-heading-title elementor-size-default\">About<\/h1>\t\t\t\t<\/div>\n\t\t\t\t<\/div>\n\t\t\t\t<\/div>\n\t\t<div class=\"elementor-element elementor-element-c0a3ca3 e-con-full e-flex e-con e-child\" data-id=\"c0a3ca3\" data-element_type=\"container\" data-e-type=\"container\">\n\t\t\t\t<div class=\"elementor-element elementor-element-3cf26f8 elementor-widget elementor-widget-image\" data-id=\"3cf26f8\" data-element_type=\"widget\" data-e-type=\"widget\" data-widget_type=\"image.default\">\n\t\t\t\t\t\t\t\t\t\t\t\t\t\t\t<img decoding=\"async\" width=\"800\" height=\"600\" src=\"https:\/\/www.ski-hike.com\/wp-content\/uploads\/2025\/11\/sebastien-gros-skinhike-1024x768.jpg\" class=\"attachment-large size-large wp-image-1991\" alt=\"\" srcset=\"https:\/\/www.ski-hike.com\/wp-content\/uploads\/2025\/11\/sebastien-gros-skinhike-1024x768.jpg 1024w, https:\/\/www.ski-hike.com\/wp-content\/uploads\/2025\/11\/sebastien-gros-skinhike-300x225.jpg 300w, https:\/\/www.ski-hike.com\/wp-content\/uploads\/2025\/11\/sebastien-gros-skinhike-768x576.jpg 768w, https:\/\/www.ski-hike.com\/wp-content\/uploads\/2025\/11\/sebastien-gros-skinhike-1536x1152.jpg 1536w, https:\/\/www.ski-hike.com\/wp-content\/uploads\/2025\/11\/sebastien-gros-skinhike.jpg 1920w\" sizes=\"(max-width: 800px) 100vw, 800px\" \/>\t\t\t\t\t\t\t\t\t\t\t\t\t\t\t<\/div>\n\t\t\t\t<\/div>\n\t\t\t\t<\/div>\n\t\t<div class=\"elementor-element elementor-element-8d45bad e-con-full section-menu e-flex e-con e-parent\" data-id=\"8d45bad\" data-element_type=\"container\" data-e-type=\"container\" data-settings=\"{&quot;background_background&quot;:&quot;classic&quot;}\">\n\t\t<div class=\"elementor-element elementor-element-e82a11f e-con-full e-flex e-con e-child\" data-id=\"e82a11f\" data-element_type=\"container\" data-e-type=\"container\" data-settings=\"{&quot;background_background&quot;:&quot;classic&quot;}\">\n\t\t<div class=\"elementor-element elementor-element-597ab72 e-con-full e-flex e-con e-child\" data-id=\"597ab72\" data-element_type=\"container\" data-e-type=\"container\">\n\t\t<div class=\"elementor-element elementor-element-084f9e6 e-con-full e-flex e-con e-child\" data-id=\"084f9e6\" data-element_type=\"container\" data-e-type=\"container\">\n\t\t\t\t<div class=\"elementor-element elementor-element-b0919bc elementor-widget elementor-widget-heading\" data-id=\"b0919bc\" data-element_type=\"widget\" data-e-type=\"widget\" data-widget_type=\"heading.default\">\n\t\t\t\t\t<h2 class=\"elementor-heading-title elementor-size-default\">Sebastion gros<\/h2>\t\t\t\t<\/div>\n\t\t\t\t<div class=\"elementor-element elementor-element-6833c34 elementor-widget-divider--view-line elementor-widget elementor-widget-divider\" data-id=\"6833c34\" data-element_type=\"widget\" data-e-type=\"widget\" data-widget_type=\"divider.default\">\n\t\t\t\t\t\t\t<div class=\"elementor-divider\">\n\t\t\t<span class=\"elementor-divider-separator\">\n\t\t\t\t\t\t<\/span>\n\t\t<\/div>\n\t\t\t\t\t\t<\/div>\n\t\t\t\t<div class=\"elementor-element elementor-element-1af5784 elementor-widget__width-initial elementor-widget elementor-widget-text-editor\" data-id=\"1af5784\" data-element_type=\"widget\" data-e-type=\"widget\" data-widget_type=\"text-editor.default\">\n\t\t\t\t\t\t\t\t\t<p>Born and raised in Chamonix, Seb grew up surrounded by the mountains. From a very young age, he followed in the footsteps of his grandfather, a high mountain guide, and fell deeply in love with the alpine world. On skis before he could even walk, he trained in cross-country skiing until his teenage years, before shifting his focus to alpine skiing and academics. He became a <strong>certified ski instructor<\/strong> and earned a <strong>Master\u2019s degree in Sports Management<\/strong>.<\/p><p>Based between Chamonix, Meg\u00e8ve, and Courmayeur, Seb has been teaching skiing since 1995. After three seasons with UCPA, he joined the French Ski School of Chamonix for 13 years. In parallel, he earned his mountain leader certification and guided for 20 years with the prestigious Compagnie des Guides de Chamonix.<\/p>\t\t\t\t\t\t\t\t<\/div>\n\t\t\t\t<\/div>\n\t\t\t\t<\/div>\n\t\t\t\t<\/div>\n\t\t\t\t<div class=\"elementor-element elementor-element-8168b25 elementor-widget__width-initial elementor-widget elementor-widget-image\" data-id=\"8168b25\" data-element_type=\"widget\" data-e-type=\"widget\" data-widget_type=\"image.default\">\n\t\t\t\t\t\t\t\t\t\t\t\t\t\t\t<img decoding=\"async\" width=\"1080\" height=\"1440\" src=\"https:\/\/www.ski-hike.com\/wp-content\/uploads\/2025\/11\/sebastien-gros-ski-and-hike.jpg\" class=\"attachment-full size-full wp-image-1992\" alt=\"\" srcset=\"https:\/\/www.ski-hike.com\/wp-content\/uploads\/2025\/11\/sebastien-gros-ski-and-hike.jpg 1080w, https:\/\/www.ski-hike.com\/wp-content\/uploads\/2025\/11\/sebastien-gros-ski-and-hike-225x300.jpg 225w, https:\/\/www.ski-hike.com\/wp-content\/uploads\/2025\/11\/sebastien-gros-ski-and-hike-768x1024.jpg 768w\" sizes=\"(max-width: 1080px) 100vw, 1080px\" \/>\t\t\t\t\t\t\t\t\t\t\t\t\t\t\t<\/div>\n\t\t\t\t<\/div>\n\t\t<div class=\"elementor-element elementor-element-e171e41 e-con-full section-menu e-flex e-con e-parent\" data-id=\"e171e41\" data-element_type=\"container\" data-e-type=\"container\" data-settings=\"{&quot;background_background&quot;:&quot;classic&quot;}\">\n\t\t\t\t<div class=\"elementor-element elementor-element-66bdc29 elementor-widget__width-initial elementor-widget elementor-widget-image\" data-id=\"66bdc29\" data-element_type=\"widget\" data-e-type=\"widget\" data-widget_type=\"image.default\">\n\t\t\t\t\t\t\t\t\t\t\t\t\t\t\t<img loading=\"lazy\" decoding=\"async\" width=\"1080\" height=\"1440\" src=\"https:\/\/www.ski-hike.com\/wp-content\/uploads\/2025\/11\/sebastien-gros-ski-n-hike.jpg\" class=\"attachment-full size-full wp-image-1993\" alt=\"\" srcset=\"https:\/\/www.ski-hike.com\/wp-content\/uploads\/2025\/11\/sebastien-gros-ski-n-hike.jpg 1080w, https:\/\/www.ski-hike.com\/wp-content\/uploads\/2025\/11\/sebastien-gros-ski-n-hike-225x300.jpg 225w, https:\/\/www.ski-hike.com\/wp-content\/uploads\/2025\/11\/sebastien-gros-ski-n-hike-768x1024.jpg 768w\" sizes=\"(max-width: 1080px) 100vw, 1080px\" \/>\t\t\t\t\t\t\t\t\t\t\t\t\t\t\t<\/div>\n\t\t<div class=\"elementor-element elementor-element-edae370 e-con-full e-flex e-con e-child\" data-id=\"edae370\" data-element_type=\"container\" data-e-type=\"container\" data-settings=\"{&quot;background_background&quot;:&quot;classic&quot;}\">\n\t\t<div class=\"elementor-element elementor-element-0799be2 e-con-full e-flex e-con e-child\" data-id=\"0799be2\" data-element_type=\"container\" data-e-type=\"container\">\n\t\t<div class=\"elementor-element elementor-element-9d83fc3 e-con-full e-flex e-con e-child\" data-id=\"9d83fc3\" data-element_type=\"container\" data-e-type=\"container\">\n\t\t\t\t<div class=\"elementor-element elementor-element-3622b67 elementor-widget__width-initial elementor-widget elementor-widget-text-editor\" data-id=\"3622b67\" data-element_type=\"widget\" data-e-type=\"widget\" data-widget_type=\"text-editor.default\">\n\t\t\t\t\t\t\t\t\t<p>Throughout his career, Seb has also worked as a technical advisor for the French Federation for Disabled Sports, served as <strong>Deputy Director of the Chamonix Sports Club<\/strong>, and has been passing on his knowledge and passion to the next generation. Since 2014, he has been teaching mountain guiding to vocational high school students at the Frison Roche School in Chamonix.<\/p><p>Driven by a deep passion for skiing, hiking, trail running, and mountain culture, Seb shares the spirit of the Alps with authenticity and enthusiasm. And when he&#8217;s not on the trails or the slopes, you\u2019ll likely find him exploring the world through travel and scuba diving.<\/p><ul><li>1998: French State Diploma in Mountaineering (specialization: Mountain Leader)<\/li><li>2000: French State Ski Instructor Certification (Alpine Skiing)<br>2005\u20132009: Technical Advisor for Alpine Skiing \u2013 French Federation for Disabled Sports<\/li><li>2006\u20132011: Deputy Director \u2013 Chamonix Sports Club<\/li><li>2012: Founded Ski n Hike<\/li><li>Since 2014: Mountain skills instructor at Ren\u00e9 Frison-Roche Vocational High School in ChamonixDepuis 2014 : intervenant montagne au lyc\u00e9e professionnel Ren\u00e9 Frison-Roche de Chamonix.<\/li><\/ul>\t\t\t\t\t\t\t\t<\/div>\n\t\t\t\t<\/div>\n\t\t\t\t<\/div>\n\t\t\t\t<\/div>\n\t\t\t\t<\/div>\n\t\t\t\t<\/div>\n\t\t","protected":false},"excerpt":{"rendered":"<p>Sk &amp; Hike About Sebastion gros Born and raised in Chamonix, Seb grew up surrounded by the mountains. From a very young age, he followed in the footsteps of his grandfather, a high mountain guide, and fell deeply in love with the alpine world. On skis before he could even walk, he trained in cross-country [&hellip;]<\/p>\n","protected":false},"author":1,"featured_media":0,"parent":0,"menu_order":0,"comment_status":"closed","ping_status":"closed","template":"","meta":{"_acf_changed":false,"footnotes":""},"class_list":["post-1994","page","type-page","status-publish","hentry"],"acf":[],"yoast_head":"<!-- This site is optimized with the Yoast SEO plugin v27.5 - https:\/\/yoast.com\/product\/yoast-seo-wordpress\/ -->\n<title>About - Ski &amp; Hike<\/title>\n<meta name=\"description\" content=\"Discover the world of skiing with Seb, a qualified instructor who has had a passion for the mountains since his earliest childhood.\" \/>\n<meta name=\"robots\" content=\"index, follow, max-snippet:-1, max-image-preview:large, max-video-preview:-1\" \/>\n<link rel=\"canonical\" href=\"https:\/\/www.ski-hike.com\/en\/about-ski-n-hike-seb-gros\/\" \/>\n<meta property=\"og:locale\" content=\"en_US\" \/>\n<meta property=\"og:type\" content=\"article\" \/>\n<meta property=\"og:title\" content=\"About - Ski &amp; Hike\" \/>\n<meta property=\"og:description\" content=\"Discover the world of skiing with Seb, a qualified instructor who has had a passion for the mountains since his earliest childhood.\" \/>\n<meta property=\"og:url\" content=\"https:\/\/www.ski-hike.com\/en\/about-ski-n-hike-seb-gros\/\" \/>\n<meta property=\"og:site_name\" content=\"Ski &amp; Hike\" \/>\n<meta property=\"article:modified_time\" content=\"2025-12-11T13:22:17+00:00\" \/>\n<meta property=\"og:image\" content=\"https:\/\/www.ski-hike.com\/wp-content\/uploads\/2025\/10\/k-skihike-blanc-1024x829.png\" \/>\n<meta name=\"twitter:card\" content=\"summary_large_image\" \/>\n<meta name=\"twitter:label1\" content=\"Est. reading time\" \/>\n\t<meta name=\"twitter:data1\" content=\"3 minutes\" \/>\n<script type=\"application\/ld+json\" class=\"yoast-schema-graph\">{\"@context\":\"https:\\\/\\\/schema.org\",\"@graph\":[{\"@type\":\"WebPage\",\"@id\":\"https:\\\/\\\/www.ski-hike.com\\\/en\\\/about-ski-n-hike-seb-gros\\\/\",\"url\":\"https:\\\/\\\/www.ski-hike.com\\\/en\\\/about-ski-n-hike-seb-gros\\\/\",\"name\":\"About - Ski &amp; Hike\",\"isPartOf\":{\"@id\":\"https:\\\/\\\/www.ski-hike.com\\\/en\\\/#website\"},\"primaryImageOfPage\":{\"@id\":\"https:\\\/\\\/www.ski-hike.com\\\/en\\\/about-ski-n-hike-seb-gros\\\/#primaryimage\"},\"image\":{\"@id\":\"https:\\\/\\\/www.ski-hike.com\\\/en\\\/about-ski-n-hike-seb-gros\\\/#primaryimage\"},\"thumbnailUrl\":\"https:\\\/\\\/www.ski-hike.com\\\/wp-content\\\/uploads\\\/2025\\\/10\\\/k-skihike-blanc-1024x829.png\",\"datePublished\":\"2025-11-27T10:31:12+00:00\",\"dateModified\":\"2025-12-11T13:22:17+00:00\",\"description\":\"Discover the world of skiing with Seb, a qualified instructor who has had a passion for the mountains since his earliest childhood.\",\"breadcrumb\":{\"@id\":\"https:\\\/\\\/www.ski-hike.com\\\/en\\\/about-ski-n-hike-seb-gros\\\/#breadcrumb\"},\"inLanguage\":\"en-US\",\"potentialAction\":[{\"@type\":\"ReadAction\",\"target\":[\"https:\\\/\\\/www.ski-hike.com\\\/en\\\/about-ski-n-hike-seb-gros\\\/\"]}]},{\"@type\":\"ImageObject\",\"inLanguage\":\"en-US\",\"@id\":\"https:\\\/\\\/www.ski-hike.com\\\/en\\\/about-ski-n-hike-seb-gros\\\/#primaryimage\",\"url\":\"https:\\\/\\\/www.ski-hike.com\\\/wp-content\\\/uploads\\\/2025\\\/10\\\/k-skihike-blanc-1024x829.png\",\"contentUrl\":\"https:\\\/\\\/www.ski-hike.com\\\/wp-content\\\/uploads\\\/2025\\\/10\\\/k-skihike-blanc-1024x829.png\"},{\"@type\":\"BreadcrumbList\",\"@id\":\"https:\\\/\\\/www.ski-hike.com\\\/en\\\/about-ski-n-hike-seb-gros\\\/#breadcrumb\",\"itemListElement\":[{\"@type\":\"ListItem\",\"position\":1,\"name\":\"Accueil\",\"item\":\"https:\\\/\\\/www.ski-hike.com\\\/en\\\/\"},{\"@type\":\"ListItem\",\"position\":2,\"name\":\"About\"}]},{\"@type\":\"WebSite\",\"@id\":\"https:\\\/\\\/www.ski-hike.com\\\/en\\\/#website\",\"url\":\"https:\\\/\\\/www.ski-hike.com\\\/en\\\/\",\"name\":\"Ski & Hike\",\"description\":\"COURS DE SKI &amp; S\u00c9JOURS RANDONN\u00c9E  au c\u0153ur des Alpes et pourtour m\u00e9diterran\u00e9en\",\"publisher\":{\"@id\":\"https:\\\/\\\/www.ski-hike.com\\\/en\\\/#organization\"},\"potentialAction\":[{\"@type\":\"SearchAction\",\"target\":{\"@type\":\"EntryPoint\",\"urlTemplate\":\"https:\\\/\\\/www.ski-hike.com\\\/en\\\/?s={search_term_string}\"},\"query-input\":{\"@type\":\"PropertyValueSpecification\",\"valueRequired\":true,\"valueName\":\"search_term_string\"}}],\"inLanguage\":\"en-US\"},{\"@type\":\"Organization\",\"@id\":\"https:\\\/\\\/www.ski-hike.com\\\/en\\\/#organization\",\"name\":\"Ski & Hike\",\"url\":\"https:\\\/\\\/www.ski-hike.com\\\/en\\\/\",\"logo\":{\"@type\":\"ImageObject\",\"inLanguage\":\"en-US\",\"@id\":\"https:\\\/\\\/www.ski-hike.com\\\/en\\\/#\\\/schema\\\/logo\\\/image\\\/\",\"url\":\"https:\\\/\\\/www.ski-hike.com\\\/wp-content\\\/uploads\\\/2025\\\/10\\\/skihike.png\",\"contentUrl\":\"https:\\\/\\\/www.ski-hike.com\\\/wp-content\\\/uploads\\\/2025\\\/10\\\/skihike.png\",\"width\":908,\"height\":308,\"caption\":\"Ski & Hike\"},\"image\":{\"@id\":\"https:\\\/\\\/www.ski-hike.com\\\/en\\\/#\\\/schema\\\/logo\\\/image\\\/\"}}]}<\/script>\n<!-- \/ Yoast SEO plugin. -->","yoast_head_json":{"title":"About - Ski &amp; Hike","description":"Discover the world of skiing with Seb, a qualified instructor who has had a passion for the mountains since his earliest childhood.","robots":{"index":"index","follow":"follow","max-snippet":"max-snippet:-1","max-image-preview":"max-image-preview:large","max-video-preview":"max-video-preview:-1"},"canonical":"https:\/\/www.ski-hike.com\/en\/about-ski-n-hike-seb-gros\/","og_locale":"en_US","og_type":"article","og_title":"About - Ski &amp; Hike","og_description":"Discover the world of skiing with Seb, a qualified instructor who has had a passion for the mountains since his earliest childhood.","og_url":"https:\/\/www.ski-hike.com\/en\/about-ski-n-hike-seb-gros\/","og_site_name":"Ski &amp; Hike","article_modified_time":"2025-12-11T13:22:17+00:00","og_image":[{"url":"https:\/\/www.ski-hike.com\/wp-content\/uploads\/2025\/10\/k-skihike-blanc-1024x829.png","type":"","width":"","height":""}],"twitter_card":"summary_large_image","twitter_misc":{"Est. reading time":"3 minutes"},"schema":{"@context":"https:\/\/schema.org","@graph":[{"@type":"WebPage","@id":"https:\/\/www.ski-hike.com\/en\/about-ski-n-hike-seb-gros\/","url":"https:\/\/www.ski-hike.com\/en\/about-ski-n-hike-seb-gros\/","name":"About - Ski &amp; Hike","isPartOf":{"@id":"https:\/\/www.ski-hike.com\/en\/#website"},"primaryImageOfPage":{"@id":"https:\/\/www.ski-hike.com\/en\/about-ski-n-hike-seb-gros\/#primaryimage"},"image":{"@id":"https:\/\/www.ski-hike.com\/en\/about-ski-n-hike-seb-gros\/#primaryimage"},"thumbnailUrl":"https:\/\/www.ski-hike.com\/wp-content\/uploads\/2025\/10\/k-skihike-blanc-1024x829.png","datePublished":"2025-11-27T10:31:12+00:00","dateModified":"2025-12-11T13:22:17+00:00","description":"Discover the world of skiing with Seb, a qualified instructor who has had a passion for the mountains since his earliest childhood.","breadcrumb":{"@id":"https:\/\/www.ski-hike.com\/en\/about-ski-n-hike-seb-gros\/#breadcrumb"},"inLanguage":"en-US","potentialAction":[{"@type":"ReadAction","target":["https:\/\/www.ski-hike.com\/en\/about-ski-n-hike-seb-gros\/"]}]},{"@type":"ImageObject","inLanguage":"en-US","@id":"https:\/\/www.ski-hike.com\/en\/about-ski-n-hike-seb-gros\/#primaryimage","url":"https:\/\/www.ski-hike.com\/wp-content\/uploads\/2025\/10\/k-skihike-blanc-1024x829.png","contentUrl":"https:\/\/www.ski-hike.com\/wp-content\/uploads\/2025\/10\/k-skihike-blanc-1024x829.png"},{"@type":"BreadcrumbList","@id":"https:\/\/www.ski-hike.com\/en\/about-ski-n-hike-seb-gros\/#breadcrumb","itemListElement":[{"@type":"ListItem","position":1,"name":"Accueil","item":"https:\/\/www.ski-hike.com\/en\/"},{"@type":"ListItem","position":2,"name":"About"}]},{"@type":"WebSite","@id":"https:\/\/www.ski-hike.com\/en\/#website","url":"https:\/\/www.ski-hike.com\/en\/","name":"Ski & Hike","description":"COURS DE SKI &amp; S\u00c9JOURS RANDONN\u00c9E  au c\u0153ur des Alpes et pourtour m\u00e9diterran\u00e9en","publisher":{"@id":"https:\/\/www.ski-hike.com\/en\/#organization"},"potentialAction":[{"@type":"SearchAction","target":{"@type":"EntryPoint","urlTemplate":"https:\/\/www.ski-hike.com\/en\/?s={search_term_string}"},"query-input":{"@type":"PropertyValueSpecification","valueRequired":true,"valueName":"search_term_string"}}],"inLanguage":"en-US"},{"@type":"Organization","@id":"https:\/\/www.ski-hike.com\/en\/#organization","name":"Ski & Hike","url":"https:\/\/www.ski-hike.com\/en\/","logo":{"@type":"ImageObject","inLanguage":"en-US","@id":"https:\/\/www.ski-hike.com\/en\/#\/schema\/logo\/image\/","url":"https:\/\/www.ski-hike.com\/wp-content\/uploads\/2025\/10\/skihike.png","contentUrl":"https:\/\/www.ski-hike.com\/wp-content\/uploads\/2025\/10\/skihike.png","width":908,"height":308,"caption":"Ski & Hike"},"image":{"@id":"https:\/\/www.ski-hike.com\/en\/#\/schema\/logo\/image\/"}}]}},"_links":{"self":[{"href":"https:\/\/www.ski-hike.com\/en\/wp-json\/wp\/v2\/pages\/1994","targetHints":{"allow":["GET"]}}],"collection":[{"href":"https:\/\/www.ski-hike.com\/en\/wp-json\/wp\/v2\/pages"}],"about":[{"href":"https:\/\/www.ski-hike.com\/en\/wp-json\/wp\/v2\/types\/page"}],"author":[{"embeddable":true,"href":"https:\/\/www.ski-hike.com\/en\/wp-json\/wp\/v2\/users\/1"}],"replies":[{"embeddable":true,"href":"https:\/\/www.ski-hike.com\/en\/wp-json\/wp\/v2\/comments?post=1994"}],"version-history":[{"count":6,"href":"https:\/\/www.ski-hike.com\/en\/wp-json\/wp\/v2\/pages\/1994\/revisions"}],"predecessor-version":[{"id":2435,"href":"https:\/\/www.ski-hike.com\/en\/wp-json\/wp\/v2\/pages\/1994\/revisions\/2435"}],"wp:attachment":[{"href":"https:\/\/www.ski-hike.com\/en\/wp-json\/wp\/v2\/media?parent=1994"}],"curies":[{"name":"wp","href":"https:\/\/api.w.org\/{rel}","templated":true}]}}