{"id":2611,"date":"2025-12-12T09:42:06","date_gmt":"2025-12-12T08:42:06","guid":{"rendered":"https:\/\/dev.ski-hike.com\/news\/"},"modified":"2025-12-12T11:46:00","modified_gmt":"2025-12-12T10:46:00","slug":"news","status":"publish","type":"page","link":"https:\/\/www.ski-hike.com\/en\/news\/","title":{"rendered":"News"},"content":{"rendered":"\t\t<div data-elementor-type=\"wp-page\" data-elementor-id=\"2611\" class=\"elementor elementor-2611 elementor-2531\" data-elementor-post-type=\"page\">\n\t\t\t\t<div class=\"elementor-element elementor-element-8cca822 e-flex e-con-boxed e-con e-parent\" data-id=\"8cca822\" data-element_type=\"container\" data-e-type=\"container\">\n\t\t\t\t\t<div class=\"e-con-inner\">\n\t\t\t\t<div class=\"elementor-element elementor-element-2a7ff96 elementor-grid-3 elementor-grid-tablet-2 elementor-grid-mobile-1 elementor-posts--thumbnail-top elementor-widget elementor-widget-posts\" data-id=\"2a7ff96\" data-element_type=\"widget\" data-e-type=\"widget\" data-settings=\"{&quot;classic_columns&quot;:&quot;3&quot;,&quot;classic_columns_tablet&quot;:&quot;2&quot;,&quot;classic_columns_mobile&quot;:&quot;1&quot;,&quot;classic_row_gap&quot;:{&quot;unit&quot;:&quot;px&quot;,&quot;size&quot;:35,&quot;sizes&quot;:[]},&quot;classic_row_gap_tablet&quot;:{&quot;unit&quot;:&quot;px&quot;,&quot;size&quot;:&quot;&quot;,&quot;sizes&quot;:[]},&quot;classic_row_gap_mobile&quot;:{&quot;unit&quot;:&quot;px&quot;,&quot;size&quot;:&quot;&quot;,&quot;sizes&quot;:[]}}\" data-widget_type=\"posts.classic\">\n\t\t\t\t<div class=\"elementor-widget-container\">\n\t\t\t\t\t\t\t<div class=\"elementor-posts-container elementor-posts elementor-posts--skin-classic elementor-grid\" role=\"list\">\n\t\t\t\t<article class=\"elementor-post elementor-grid-item post-3343 post type-post status-publish format-standard has-post-thumbnail hentry category-non-categorise\" role=\"listitem\">\n\t\t\t\t<a class=\"elementor-post__thumbnail__link\" href=\"https:\/\/www.ski-hike.com\/en\/discover-a-week-of-exceptional-skiing-in-the-heart-of-the-mont-blanc-massif\/\" tabindex=\"-1\" >\n\t\t\t<div class=\"elementor-post__thumbnail\"><img fetchpriority=\"high\" decoding=\"async\" width=\"870\" height=\"720\" src=\"https:\/\/www.ski-hike.com\/wp-content\/uploads\/2026\/01\/ski-suisse-italie-france.jpg\" class=\"attachment-full size-full wp-image-3312\" alt=\"\" srcset=\"https:\/\/www.ski-hike.com\/wp-content\/uploads\/2026\/01\/ski-suisse-italie-france.jpg 870w, https:\/\/www.ski-hike.com\/wp-content\/uploads\/2026\/01\/ski-suisse-italie-france-300x248.jpg 300w, https:\/\/www.ski-hike.com\/wp-content\/uploads\/2026\/01\/ski-suisse-italie-france-768x636.jpg 768w\" sizes=\"(max-width: 870px) 100vw, 870px\" \/><\/div>\n\t\t<\/a>\n\t\t\t\t<div class=\"elementor-post__text\">\n\t\t\t\t<h2 class=\"elementor-post__title\">\n\t\t\t<a href=\"https:\/\/www.ski-hike.com\/en\/discover-a-week-of-exceptional-skiing-in-the-heart-of-the-mont-blanc-massif\/\" >\n\t\t\t\tDiscover a Week of Exceptional Skiing in the Heart of the Mont Blanc Massif\t\t\t<\/a>\n\t\t<\/h2>\n\t\t\t\t<div class=\"elementor-post__meta-data\">\n\t\t\t\t\t<span class=\"elementor-post-date\">\n\t\t\t6 February 2026\t\t<\/span>\n\t\t\t\t<\/div>\n\t\t\t\t<div class=\"elementor-post__excerpt\">\n\t\t\t<p>Your Tailor-Made Ski Safari with Ski &amp; HikeWhat if your winter holiday became a true alpine adventure? With Ski &amp; Hike, enjoy a fully custom-designed week of guided skiing\u2014crafted around your level, your desires, and the very best snow and weather conditions of the moment.A unique, flexible experience that reveals<\/p>\n\t\t<\/div>\n\t\t\n\t\t<a class=\"elementor-post__read-more\" href=\"https:\/\/www.ski-hike.com\/en\/discover-a-week-of-exceptional-skiing-in-the-heart-of-the-mont-blanc-massif\/\" aria-label=\"Read more about Discover a Week of Exceptional Skiing in the Heart of the Mont Blanc Massif\" tabindex=\"-1\" >\n\t\t\tRead more \u00bb\t\t<\/a>\n\n\t\t\t\t<\/div>\n\t\t\t\t<\/article>\n\t\t\t\t<article class=\"elementor-post elementor-grid-item post-3292 post type-post status-publish format-standard has-post-thumbnail hentry category-non-categorise\" role=\"listitem\">\n\t\t\t\t<a class=\"elementor-post__thumbnail__link\" href=\"https:\/\/www.ski-hike.com\/en\/ski-hike-gets-a-fresh-look-new-website-new-logo-same-passion\/\" tabindex=\"-1\" >\n\t\t\t<div class=\"elementor-post__thumbnail\"><img decoding=\"async\" width=\"1290\" height=\"1276\" src=\"https:\/\/www.ski-hike.com\/wp-content\/uploads\/2026\/01\/site.jpg\" class=\"attachment-full size-full wp-image-3291\" alt=\"\" srcset=\"https:\/\/www.ski-hike.com\/wp-content\/uploads\/2026\/01\/site.jpg 1290w, https:\/\/www.ski-hike.com\/wp-content\/uploads\/2026\/01\/site-300x297.jpg 300w, https:\/\/www.ski-hike.com\/wp-content\/uploads\/2026\/01\/site-1024x1013.jpg 1024w, https:\/\/www.ski-hike.com\/wp-content\/uploads\/2026\/01\/site-768x760.jpg 768w\" sizes=\"(max-width: 1290px) 100vw, 1290px\" \/><\/div>\n\t\t<\/a>\n\t\t\t\t<div class=\"elementor-post__text\">\n\t\t\t\t<h2 class=\"elementor-post__title\">\n\t\t\t<a href=\"https:\/\/www.ski-hike.com\/en\/ski-hike-gets-a-fresh-look-new-website-new-logo-same-passion\/\" >\n\t\t\t\tSki &amp; Hike Gets a Fresh Look: New Website, New Logo, Same Passion\t\t\t<\/a>\n\t\t<\/h2>\n\t\t\t\t<div class=\"elementor-post__meta-data\">\n\t\t\t\t\t<span class=\"elementor-post-date\">\n\t\t\t20 January 2026\t\t<\/span>\n\t\t\t\t<\/div>\n\t\t\t\t<div class=\"elementor-post__excerpt\">\n\t\t\t<p>Founded in 2012, Ski &amp; Hike is entering a new chapter with a complete website overhaul and a modernized visual identity. After more than 25 years of experience in the mountain world \u2014 and on the eve of my 14th year as an independent professional, certified in alpine skiing and<\/p>\n\t\t<\/div>\n\t\t\n\t\t<a class=\"elementor-post__read-more\" href=\"https:\/\/www.ski-hike.com\/en\/ski-hike-gets-a-fresh-look-new-website-new-logo-same-passion\/\" aria-label=\"Read more about Ski &amp; Hike Gets a Fresh Look: New Website, New Logo, Same Passion\" tabindex=\"-1\" >\n\t\t\tRead more \u00bb\t\t<\/a>\n\n\t\t\t\t<\/div>\n\t\t\t\t<\/article>\n\t\t\t\t<article class=\"elementor-post elementor-grid-item post-2616 post type-post status-publish format-standard has-post-thumbnail hentry category-non-categorise\" role=\"listitem\">\n\t\t\t\t<a class=\"elementor-post__thumbnail__link\" href=\"https:\/\/www.ski-hike.com\/en\/veillees\/\" tabindex=\"-1\" >\n\t\t\t<div class=\"elementor-post__thumbnail\"><img decoding=\"async\" width=\"1125\" height=\"1118\" src=\"https:\/\/www.ski-hike.com\/wp-content\/uploads\/2025\/12\/Veillees.jpg\" class=\"attachment-full size-full wp-image-2615\" alt=\"la cr\u00e8merie du glacier d&#039;argenti\u00e8re\" srcset=\"https:\/\/www.ski-hike.com\/wp-content\/uploads\/2025\/12\/Veillees.jpg 1125w, https:\/\/www.ski-hike.com\/wp-content\/uploads\/2025\/12\/Veillees-300x298.jpg 300w, https:\/\/www.ski-hike.com\/wp-content\/uploads\/2025\/12\/Veillees-1024x1018.jpg 1024w, https:\/\/www.ski-hike.com\/wp-content\/uploads\/2025\/12\/Veillees-150x150.jpg 150w, https:\/\/www.ski-hike.com\/wp-content\/uploads\/2025\/12\/Veillees-768x763.jpg 768w\" sizes=\"(max-width: 1125px) 100vw, 1125px\" \/><\/div>\n\t\t<\/a>\n\t\t\t\t<div class=\"elementor-post__text\">\n\t\t\t\t<h2 class=\"elementor-post__title\">\n\t\t\t<a href=\"https:\/\/www.ski-hike.com\/en\/veillees\/\" >\n\t\t\t\tVeill\u00e9es\t\t\t<\/a>\n\t\t<\/h2>\n\t\t\t\t<div class=\"elementor-post__meta-data\">\n\t\t\t\t\t<span class=\"elementor-post-date\">\n\t\t\t12 December 2025\t\t<\/span>\n\t\t\t\t<\/div>\n\t\t\t\t<div class=\"elementor-post__excerpt\">\n\t\t\t<p>I am fortunate to come from a family rooted in Chamonix for several generations. In Argenti\u00e8re, my maternal great-grandfather was among the first, in the mid-1920s, to harvest ice from the glacier to supply the region\u2019s hotels. In the glacial moraine, he also built a small dairy cottage, which was<\/p>\n\t\t<\/div>\n\t\t\n\t\t<a class=\"elementor-post__read-more\" href=\"https:\/\/www.ski-hike.com\/en\/veillees\/\" aria-label=\"Read more about Veill\u00e9es\" tabindex=\"-1\" >\n\t\t\tRead more \u00bb\t\t<\/a>\n\n\t\t\t\t<\/div>\n\t\t\t\t<\/article>\n\t\t\t\t<article class=\"elementor-post elementor-grid-item post-2654 post type-post status-publish format-standard has-post-thumbnail hentry category-non-categorise\" role=\"listitem\">\n\t\t\t\t<a class=\"elementor-post__thumbnail__link\" href=\"https:\/\/www.ski-hike.com\/en\/get-ready-for-ski-season-expert-tips-from-a-chamonix-ski-instructor\/\" tabindex=\"-1\" >\n\t\t\t<div class=\"elementor-post__thumbnail\"><img loading=\"lazy\" decoding=\"async\" width=\"612\" height=\"408\" src=\"https:\/\/www.ski-hike.com\/wp-content\/uploads\/2025\/12\/preparation-physique.jpg\" class=\"attachment-full size-full wp-image-2618\" alt=\"\" srcset=\"https:\/\/www.ski-hike.com\/wp-content\/uploads\/2025\/12\/preparation-physique.jpg 612w, https:\/\/www.ski-hike.com\/wp-content\/uploads\/2025\/12\/preparation-physique-300x200.jpg 300w\" sizes=\"(max-width: 612px) 100vw, 612px\" \/><\/div>\n\t\t<\/a>\n\t\t\t\t<div class=\"elementor-post__text\">\n\t\t\t\t<h2 class=\"elementor-post__title\">\n\t\t\t<a href=\"https:\/\/www.ski-hike.com\/en\/get-ready-for-ski-season-expert-tips-from-a-chamonix-ski-instructor\/\" >\n\t\t\t\tGet Ready for Ski Season: Expert Tips from a Chamonix Ski Instructor\t\t\t<\/a>\n\t\t<\/h2>\n\t\t\t\t<div class=\"elementor-post__meta-data\">\n\t\t\t\t\t<span class=\"elementor-post-date\">\n\t\t\t11 December 2025\t\t<\/span>\n\t\t\t\t<\/div>\n\t\t\t\t<div class=\"elementor-post__excerpt\">\n\t\t\t<p>Winter is approaching, and it\u2019s the perfect time to prepare your body and mind for the slopes. Whether you\u2019re planning to ski in Chamonix, Meg\u00e8ve, Courmayeur, or anywhere in the Mont Blanc region, a bit of preparation will make your experience smoother, safer, and far more enjoyable. As an independent<\/p>\n\t\t<\/div>\n\t\t\n\t\t<a class=\"elementor-post__read-more\" href=\"https:\/\/www.ski-hike.com\/en\/get-ready-for-ski-season-expert-tips-from-a-chamonix-ski-instructor\/\" aria-label=\"Read more about Get Ready for Ski Season: Expert Tips from a Chamonix Ski Instructor\" tabindex=\"-1\" >\n\t\t\tRead more \u00bb\t\t<\/a>\n\n\t\t\t\t<\/div>\n\t\t\t\t<\/article>\n\t\t\t\t<\/div>\n\t\t\n\t\t\t\t\t\t<\/div>\n\t\t\t\t<\/div>\n\t\t\t\t\t<\/div>\n\t\t\t\t<\/div>\n\t\t\t\t<\/div>\n\t\t","protected":false},"excerpt":{"rendered":"","protected":false},"author":1,"featured_media":0,"parent":0,"menu_order":0,"comment_status":"closed","ping_status":"closed","template":"","meta":{"_acf_changed":false,"footnotes":""},"class_list":["post-2611","page","type-page","status-publish","hentry"],"acf":[],"yoast_head":"<!-- This site is optimized with the Yoast SEO plugin v27.5 - https:\/\/yoast.com\/product\/yoast-seo-wordpress\/ -->\n<title>News - Ski &amp; Hike<\/title>\n<meta name=\"robots\" content=\"index, follow, max-snippet:-1, max-image-preview:large, max-video-preview:-1\" \/>\n<link rel=\"canonical\" href=\"https:\/\/www.ski-hike.com\/en\/news\/\" \/>\n<meta property=\"og:locale\" content=\"en_US\" \/>\n<meta property=\"og:type\" content=\"article\" \/>\n<meta property=\"og:title\" content=\"News - Ski &amp; Hike\" \/>\n<meta property=\"og:url\" content=\"https:\/\/www.ski-hike.com\/en\/news\/\" \/>\n<meta property=\"og:site_name\" content=\"Ski &amp; Hike\" \/>\n<meta property=\"article:modified_time\" content=\"2025-12-12T10:46:00+00:00\" \/>\n<meta name=\"twitter:card\" content=\"summary_large_image\" \/>\n<script type=\"application\/ld+json\" class=\"yoast-schema-graph\">{\"@context\":\"https:\\\/\\\/schema.org\",\"@graph\":[{\"@type\":\"WebPage\",\"@id\":\"https:\\\/\\\/www.ski-hike.com\\\/en\\\/news\\\/\",\"url\":\"https:\\\/\\\/www.ski-hike.com\\\/en\\\/news\\\/\",\"name\":\"News - Ski &amp; Hike\",\"isPartOf\":{\"@id\":\"https:\\\/\\\/www.ski-hike.com\\\/en\\\/#website\"},\"datePublished\":\"2025-12-12T08:42:06+00:00\",\"dateModified\":\"2025-12-12T10:46:00+00:00\",\"breadcrumb\":{\"@id\":\"https:\\\/\\\/www.ski-hike.com\\\/en\\\/news\\\/#breadcrumb\"},\"inLanguage\":\"en-US\",\"potentialAction\":[{\"@type\":\"ReadAction\",\"target\":[\"https:\\\/\\\/www.ski-hike.com\\\/en\\\/news\\\/\"]}]},{\"@type\":\"BreadcrumbList\",\"@id\":\"https:\\\/\\\/www.ski-hike.com\\\/en\\\/news\\\/#breadcrumb\",\"itemListElement\":[{\"@type\":\"ListItem\",\"position\":1,\"name\":\"Accueil\",\"item\":\"https:\\\/\\\/www.ski-hike.com\\\/en\\\/\"},{\"@type\":\"ListItem\",\"position\":2,\"name\":\"News\"}]},{\"@type\":\"WebSite\",\"@id\":\"https:\\\/\\\/www.ski-hike.com\\\/en\\\/#website\",\"url\":\"https:\\\/\\\/www.ski-hike.com\\\/en\\\/\",\"name\":\"Ski & Hike\",\"description\":\"COURS DE SKI &amp; S\u00c9JOURS RANDONN\u00c9E  au c\u0153ur des Alpes et pourtour m\u00e9diterran\u00e9en\",\"publisher\":{\"@id\":\"https:\\\/\\\/www.ski-hike.com\\\/en\\\/#organization\"},\"potentialAction\":[{\"@type\":\"SearchAction\",\"target\":{\"@type\":\"EntryPoint\",\"urlTemplate\":\"https:\\\/\\\/www.ski-hike.com\\\/en\\\/?s={search_term_string}\"},\"query-input\":{\"@type\":\"PropertyValueSpecification\",\"valueRequired\":true,\"valueName\":\"search_term_string\"}}],\"inLanguage\":\"en-US\"},{\"@type\":\"Organization\",\"@id\":\"https:\\\/\\\/www.ski-hike.com\\\/en\\\/#organization\",\"name\":\"Ski & Hike\",\"url\":\"https:\\\/\\\/www.ski-hike.com\\\/en\\\/\",\"logo\":{\"@type\":\"ImageObject\",\"inLanguage\":\"en-US\",\"@id\":\"https:\\\/\\\/www.ski-hike.com\\\/en\\\/#\\\/schema\\\/logo\\\/image\\\/\",\"url\":\"https:\\\/\\\/www.ski-hike.com\\\/wp-content\\\/uploads\\\/2025\\\/10\\\/skihike.png\",\"contentUrl\":\"https:\\\/\\\/www.ski-hike.com\\\/wp-content\\\/uploads\\\/2025\\\/10\\\/skihike.png\",\"width\":908,\"height\":308,\"caption\":\"Ski & Hike\"},\"image\":{\"@id\":\"https:\\\/\\\/www.ski-hike.com\\\/en\\\/#\\\/schema\\\/logo\\\/image\\\/\"}}]}<\/script>\n<!-- \/ Yoast SEO plugin. -->","yoast_head_json":{"title":"News - Ski &amp; Hike","robots":{"index":"index","follow":"follow","max-snippet":"max-snippet:-1","max-image-preview":"max-image-preview:large","max-video-preview":"max-video-preview:-1"},"canonical":"https:\/\/www.ski-hike.com\/en\/news\/","og_locale":"en_US","og_type":"article","og_title":"News - Ski &amp; Hike","og_url":"https:\/\/www.ski-hike.com\/en\/news\/","og_site_name":"Ski &amp; Hike","article_modified_time":"2025-12-12T10:46:00+00:00","twitter_card":"summary_large_image","schema":{"@context":"https:\/\/schema.org","@graph":[{"@type":"WebPage","@id":"https:\/\/www.ski-hike.com\/en\/news\/","url":"https:\/\/www.ski-hike.com\/en\/news\/","name":"News - Ski &amp; Hike","isPartOf":{"@id":"https:\/\/www.ski-hike.com\/en\/#website"},"datePublished":"2025-12-12T08:42:06+00:00","dateModified":"2025-12-12T10:46:00+00:00","breadcrumb":{"@id":"https:\/\/www.ski-hike.com\/en\/news\/#breadcrumb"},"inLanguage":"en-US","potentialAction":[{"@type":"ReadAction","target":["https:\/\/www.ski-hike.com\/en\/news\/"]}]},{"@type":"BreadcrumbList","@id":"https:\/\/www.ski-hike.com\/en\/news\/#breadcrumb","itemListElement":[{"@type":"ListItem","position":1,"name":"Accueil","item":"https:\/\/www.ski-hike.com\/en\/"},{"@type":"ListItem","position":2,"name":"News"}]},{"@type":"WebSite","@id":"https:\/\/www.ski-hike.com\/en\/#website","url":"https:\/\/www.ski-hike.com\/en\/","name":"Ski & Hike","description":"COURS DE SKI &amp; S\u00c9JOURS RANDONN\u00c9E  au c\u0153ur des Alpes et pourtour m\u00e9diterran\u00e9en","publisher":{"@id":"https:\/\/www.ski-hike.com\/en\/#organization"},"potentialAction":[{"@type":"SearchAction","target":{"@type":"EntryPoint","urlTemplate":"https:\/\/www.ski-hike.com\/en\/?s={search_term_string}"},"query-input":{"@type":"PropertyValueSpecification","valueRequired":true,"valueName":"search_term_string"}}],"inLanguage":"en-US"},{"@type":"Organization","@id":"https:\/\/www.ski-hike.com\/en\/#organization","name":"Ski & Hike","url":"https:\/\/www.ski-hike.com\/en\/","logo":{"@type":"ImageObject","inLanguage":"en-US","@id":"https:\/\/www.ski-hike.com\/en\/#\/schema\/logo\/image\/","url":"https:\/\/www.ski-hike.com\/wp-content\/uploads\/2025\/10\/skihike.png","contentUrl":"https:\/\/www.ski-hike.com\/wp-content\/uploads\/2025\/10\/skihike.png","width":908,"height":308,"caption":"Ski & Hike"},"image":{"@id":"https:\/\/www.ski-hike.com\/en\/#\/schema\/logo\/image\/"}}]}},"_links":{"self":[{"href":"https:\/\/www.ski-hike.com\/en\/wp-json\/wp\/v2\/pages\/2611","targetHints":{"allow":["GET"]}}],"collection":[{"href":"https:\/\/www.ski-hike.com\/en\/wp-json\/wp\/v2\/pages"}],"about":[{"href":"https:\/\/www.ski-hike.com\/en\/wp-json\/wp\/v2\/types\/page"}],"author":[{"embeddable":true,"href":"https:\/\/www.ski-hike.com\/en\/wp-json\/wp\/v2\/users\/1"}],"replies":[{"embeddable":true,"href":"https:\/\/www.ski-hike.com\/en\/wp-json\/wp\/v2\/comments?post=2611"}],"version-history":[{"count":1,"href":"https:\/\/www.ski-hike.com\/en\/wp-json\/wp\/v2\/pages\/2611\/revisions"}],"predecessor-version":[{"id":2614,"href":"https:\/\/www.ski-hike.com\/en\/wp-json\/wp\/v2\/pages\/2611\/revisions\/2614"}],"wp:attachment":[{"href":"https:\/\/www.ski-hike.com\/en\/wp-json\/wp\/v2\/media?parent=2611"}],"curies":[{"name":"wp","href":"https:\/\/api.w.org\/{rel}","templated":true}]}}